
{"id":13092,"date":"2017-03-28T07:48:57","date_gmt":"2017-03-28T07:48:57","guid":{"rendered":"https:\/\/goodwish.qodeinteractive.com\/?page_id=13092"},"modified":"2023-04-08T14:53:39","modified_gmt":"2023-04-08T12:53:39","slug":"home-1","status":"publish","type":"page","link":"https:\/\/solidarite-humain.com\/","title":{"rendered":"Main Home"},"content":{"rendered":"<p>[vc_row el_class=&#8221;edgtf-rev-slider-row&#8221; css=&#8221;.vc_custom_1669296911630{background-color: #f6f4ee !important;}&#8221;][vc_column][rev_slider_vc alias=&#8221;home-1&#8243;]<div class=\"edgtf-animations-holder edgtf-fade-in-up\" data-animation=\"edgtf-fade-in-up\">\n\t<div >\n\t\t\t<\/div>\n\n<\/div>[\/vc_column][\/vc_row][vc_row content_width=&#8221;grid&#8221; css=&#8221;.vc_custom_1669297011592{padding-top: 95px !important;padding-bottom: 110px !important;background-color: #f9f9f9 !important;}&#8221;][vc_column][vc_column_text]<\/p>\n<h2 style=\"text-align: center;\">Qui nous sommes<\/h2>\n<p>[\/vc_column_text]\n<p class=\"edgtf-section-subtitle\" style=\"text-align:center;color:#888888\">\n\t<\/p><div class=\"edgtf-separator-holder clearfix  edgtf-separator-center\">\n\t<div class=\"edgtf-separator\" style=\"border-color: #005ac1;width: 55px;border-bottom-width: 3px;margin-top: 25px;margin-bottom: 75px\"><\/div>\n<\/div>\n<div class=\"edgtf-project-presentation presentation-left edgtf-project-presentation-light\">\n    <div class=\"edgtf-pp-content-holder\">\n        <div class=\"edgtf-pp-content-left\">\n            <div class=\"edgtf-pp-text-holder\" style=\"background-image: url(https:\/\/solidarite-humain.com\/wp-content\/uploads\/2022\/08\/img22.jpg)\">\n                                    <h4 class=\"edgtf-pp-title\">\n                        Solidarit\u00e9 Humaine \u0153uvre aupr\u00e8s des d\u00e9munis en France et \u00e0 l&#039;\u00e9tranger. Gr\u00e2ce aux g\u00e9n\u00e9reux donateurs, nous avons pu faire b\u00e9n\u00e9ficier de colis alimentaires, fournitures scolaires, construction de puits et de mat\u00e9riel m\u00e9dical.                    <\/h4>\n                                \t                        <\/div>\n        <\/div>\n        <div class=\"edgtf-pp-content-right\">\n            <div class=\"edgtf-pp-gallery\">\n                <div class=\"edgtf-pp-gallery-slider\" data-autoplay=\"3\" data-pagination=\"yes\">\n                                                <img loading=\"lazy\" decoding=\"async\" width=\"960\" height=\"540\" src=\"https:\/\/solidarite-humain.com\/wp-content\/uploads\/2022\/07\/131920813_108252701166290_1899868107665449618_n.jpg\" class=\"attachment-full size-full\" alt=\"\" srcset=\"https:\/\/solidarite-humain.com\/wp-content\/uploads\/2022\/07\/131920813_108252701166290_1899868107665449618_n.jpg 960w, https:\/\/solidarite-humain.com\/wp-content\/uploads\/2022\/07\/131920813_108252701166290_1899868107665449618_n-600x338.jpg 600w, https:\/\/solidarite-humain.com\/wp-content\/uploads\/2022\/07\/131920813_108252701166290_1899868107665449618_n-300x169.jpg 300w, https:\/\/solidarite-humain.com\/wp-content\/uploads\/2022\/07\/131920813_108252701166290_1899868107665449618_n-768x432.jpg 768w\" sizes=\"auto, (max-width: 960px) 100vw, 960px\" \/>                                                <img loading=\"lazy\" decoding=\"async\" width=\"960\" height=\"540\" src=\"https:\/\/solidarite-humain.com\/wp-content\/uploads\/2022\/07\/140936692_117983313526562_5645972648077927179_n-1.jpg\" class=\"attachment-full size-full\" alt=\"\" srcset=\"https:\/\/solidarite-humain.com\/wp-content\/uploads\/2022\/07\/140936692_117983313526562_5645972648077927179_n-1.jpg 960w, https:\/\/solidarite-humain.com\/wp-content\/uploads\/2022\/07\/140936692_117983313526562_5645972648077927179_n-1-600x338.jpg 600w, https:\/\/solidarite-humain.com\/wp-content\/uploads\/2022\/07\/140936692_117983313526562_5645972648077927179_n-1-300x169.jpg 300w, https:\/\/solidarite-humain.com\/wp-content\/uploads\/2022\/07\/140936692_117983313526562_5645972648077927179_n-1-768x432.jpg 768w\" sizes=\"auto, (max-width: 960px) 100vw, 960px\" \/>                                                <img loading=\"lazy\" decoding=\"async\" width=\"960\" height=\"540\" src=\"https:\/\/solidarite-humain.com\/wp-content\/uploads\/2022\/07\/289481012_1076807589587224_2339657484654766941_n-1.jpg\" class=\"attachment-full size-full\" alt=\"\" srcset=\"https:\/\/solidarite-humain.com\/wp-content\/uploads\/2022\/07\/289481012_1076807589587224_2339657484654766941_n-1.jpg 960w, https:\/\/solidarite-humain.com\/wp-content\/uploads\/2022\/07\/289481012_1076807589587224_2339657484654766941_n-1-600x338.jpg 600w, https:\/\/solidarite-humain.com\/wp-content\/uploads\/2022\/07\/289481012_1076807589587224_2339657484654766941_n-1-300x169.jpg 300w, https:\/\/solidarite-humain.com\/wp-content\/uploads\/2022\/07\/289481012_1076807589587224_2339657484654766941_n-1-768x432.jpg 768w\" sizes=\"auto, (max-width: 960px) 100vw, 960px\" \/>                                    <\/div>\n            <\/div>\n        <\/div>\n    <\/div>\n<\/div>[\/vc_column][\/vc_row][vc_row content_width=&#8221;grid&#8221; css=&#8221;.vc_custom_1669296949340{padding-top: 95px !important;padding-bottom: 110px !important;background-color: #f7f7f7 !important;}&#8221;][vc_column][vc_column_text]<\/p>\n<h2 style=\"text-align: center;\">Projets 2023<\/h2>\n<p>[\/vc_column_text]<div class=\"edgtf-separator-holder clearfix  edgtf-separator-center\">\n\t<div class=\"edgtf-separator\" style=\"border-color: #0076d1;width: 55px;border-bottom-width: 3px;margin-top: 25px;margin-bottom: 75px\"><\/div>\n<\/div>\n[vc_row_inner][vc_column_inner width=&#8221;1\/4&#8243;][vc_column_text css_animation=&#8221;bounceIn&#8221;]<\/p>\n<p style=\"text-align: center;\"><img loading=\"lazy\" decoding=\"async\" class=\"alignnone wp-image-18462\" src=\"http:\/\/solidarite-humain.com\/wp-content\/uploads\/2023\/04\/projets-20231.11111-300x230.png\" alt=\"\" width=\"354\" height=\"272\" srcset=\"https:\/\/solidarite-humain.com\/wp-content\/uploads\/2023\/04\/projets-20231.11111-300x230.png 300w, https:\/\/solidarite-humain.com\/wp-content\/uploads\/2023\/04\/projets-20231.11111-768x588.png 768w, https:\/\/solidarite-humain.com\/wp-content\/uploads\/2023\/04\/projets-20231.11111-600x459.png 600w, https:\/\/solidarite-humain.com\/wp-content\/uploads\/2023\/04\/projets-20231.11111.png 843w\" sizes=\"auto, (max-width: 354px) 100vw, 354px\" \/><\/p>\n<p style=\"text-align: center;\"><span style=\"color: #000080;\"><strong>\u00a0Forage de puits au Bangladesh<\/strong><span class=\"x3nfvp2 x1j61x8r x1fcty0u xdj266r xhhsvwb xat24cr xgzva0m xxymvpz xlup9mm x1kky2od\"><img loading=\"lazy\" decoding=\"async\" src=\"https:\/\/static.xx.fbcdn.net\/images\/emoji.php\/v9\/t6c\/1\/16\/1f1e7_1f1e9.png\" alt=\"\ud83c\udde7\ud83c\udde9\" width=\"16\" height=\"16\" \/><\/span><\/span><\/p>\n<p style=\"text-align: center;\">L &#8216;eau c&#8217;est la vie. Vos dons contribuent \u00e0 l&#8217;am\u00e9lioration des conditions de vie des populations les plus d\u00e9munies. Ici la construction d&#8217; un ch\u00e2teau d&#8217;eau aux Bangladesh <span class=\"x3nfvp2 x1j61x8r x1fcty0u xdj266r xhhsvwb xat24cr xgzva0m xxymvpz xlup9mm x1kky2od\"><img loading=\"lazy\" decoding=\"async\" src=\"https:\/\/static.xx.fbcdn.net\/images\/emoji.php\/v9\/t6c\/1\/16\/1f1e7_1f1e9.png\" alt=\"\ud83c\udde7\ud83c\udde9\" width=\"16\" height=\"16\" \/><\/span> permettra \u00e0 tout un village d&#8217;acc\u00e9der \u00e0 l&#8217;eau potable.<\/p>\n<p>[\/vc_column_text][\/vc_column_inner][vc_column_inner width=&#8221;1\/4&#8243;][vc_column_text css_animation=&#8221;bounceIn&#8221;]<\/p>\n<p style=\"text-align: center;\"><span style=\"color: #000080;\"><strong><img loading=\"lazy\" decoding=\"async\" class=\"alignnone wp-image-18463\" src=\"http:\/\/solidarite-humain.com\/wp-content\/uploads\/2023\/04\/projets-20232.11-300x230.png\" alt=\"\" width=\"327\" height=\"250\" srcset=\"https:\/\/solidarite-humain.com\/wp-content\/uploads\/2023\/04\/projets-20232.11-300x230.png 300w, https:\/\/solidarite-humain.com\/wp-content\/uploads\/2023\/04\/projets-20232.11-768x588.png 768w, https:\/\/solidarite-humain.com\/wp-content\/uploads\/2023\/04\/projets-20232.11-600x459.png 600w, https:\/\/solidarite-humain.com\/wp-content\/uploads\/2023\/04\/projets-20232.11.png 843w\" sizes=\"auto, (max-width: 327px) 100vw, 327px\" \/><\/strong><\/span><\/p>\n<p style=\"text-align: center;\"><span style=\"color: #000080;\"><strong>\u00a0Forage de puits \u00c0 Madagascar <span class=\"x3nfvp2 x1j61x8r x1fcty0u xdj266r xhhsvwb xat24cr xgzva0m xxymvpz xlup9mm x1kky2od\"><img loading=\"lazy\" decoding=\"async\" src=\"https:\/\/static.xx.fbcdn.net\/images\/emoji.php\/v9\/t30\/1\/16\/1f1f2_1f1ec.png\" alt=\"\ud83c\uddf2\ud83c\uddec\" width=\"16\" height=\"16\" \/><\/span><\/strong><\/span><\/p>\n<p style=\"text-align: center;\">\u00a0Le sourire et la joie des enfants sont notre plus belle r\u00e9compense. Vos dons sont aussi l&#8217;occasion d&#8217;apporter la joie au quotidien des familles les plus d\u00e9munies.<\/p>\n<p>[\/vc_column_text][\/vc_column_inner][vc_column_inner width=&#8221;1\/4&#8243;][vc_column_text css_animation=&#8221;bounceIn&#8221;]<\/p>\n<p style=\"text-align: center;\"><span style=\"color: #000080;\"><strong><img loading=\"lazy\" decoding=\"async\" class=\"alignnone wp-image-18469\" src=\"http:\/\/solidarite-humain.com\/wp-content\/uploads\/2023\/04\/projets-2023.333-300x230.png\" alt=\"\" width=\"327\" height=\"250\" srcset=\"https:\/\/solidarite-humain.com\/wp-content\/uploads\/2023\/04\/projets-2023.333-300x230.png 300w, https:\/\/solidarite-humain.com\/wp-content\/uploads\/2023\/04\/projets-2023.333-768x588.png 768w, https:\/\/solidarite-humain.com\/wp-content\/uploads\/2023\/04\/projets-2023.333-600x459.png 600w, https:\/\/solidarite-humain.com\/wp-content\/uploads\/2023\/04\/projets-2023.333.png 843w\" sizes=\"auto, (max-width: 327px) 100vw, 327px\" \/><\/strong><\/span><\/p>\n<p style=\"text-align: center;\"><span style=\"color: #000080;\"><strong>\u00a0Construction d&#8217;un centre culturel et forage de puits au Togo<span class=\"x3nfvp2 x1j61x8r x1fcty0u xdj266r xhhsvwb xat24cr xgzva0m xxymvpz xlup9mm x1kky2od\"><img loading=\"lazy\" decoding=\"async\" src=\"https:\/\/static.xx.fbcdn.net\/images\/emoji.php\/v9\/t77\/1\/16\/1f1f9_1f1ec.png\" alt=\"\ud83c\uddf9\ud83c\uddec\" width=\"16\" height=\"16\" \/><\/span> <\/strong><\/span><\/p>\n<p style=\"text-align: center;\">Ce projet permettra aux habitants de se retrouver dans un lieu public ouvert \u00e0 tous. Le forage du puits permettra aux habitants de se fournir en eau potable et ainsi am\u00e9liorer leur qualit\u00e9 de vie.<\/p>\n<p>[\/vc_column_text][\/vc_column_inner][vc_column_inner width=&#8221;1\/4&#8243;][vc_column_text css_animation=&#8221;bounceIn&#8221;]<\/p>\n<p style=\"text-align: center;\"><span style=\"color: #000080;\"><strong><img loading=\"lazy\" decoding=\"async\" class=\"alignnone wp-image-18474\" src=\"http:\/\/solidarite-humain.com\/wp-content\/uploads\/2023\/04\/projets-2023.3333-300x230.png\" alt=\"\" width=\"327\" height=\"250\" srcset=\"https:\/\/solidarite-humain.com\/wp-content\/uploads\/2023\/04\/projets-2023.3333-300x230.png 300w, https:\/\/solidarite-humain.com\/wp-content\/uploads\/2023\/04\/projets-2023.3333-768x588.png 768w, https:\/\/solidarite-humain.com\/wp-content\/uploads\/2023\/04\/projets-2023.3333-600x459.png 600w, https:\/\/solidarite-humain.com\/wp-content\/uploads\/2023\/04\/projets-2023.3333.png 843w\" sizes=\"auto, (max-width: 327px) 100vw, 327px\" \/><\/strong><\/span><\/p>\n<p style=\"text-align: center;\"><span style=\"color: #000080;\"><strong>Dons de mat\u00e9riel m\u00e9dical en Tunisie<\/strong><\/span> <span class=\"x3nfvp2 x1j61x8r x1fcty0u xdj266r xhhsvwb xat24cr xgzva0m xxymvpz xlup9mm x1kky2od\"><img loading=\"lazy\" decoding=\"async\" src=\"https:\/\/static.xx.fbcdn.net\/images\/emoji.php\/v9\/te6\/1\/16\/1f1f9_1f1f3.png\" alt=\"\ud83c\uddf9\ud83c\uddf3\" width=\"16\" height=\"16\" \/><\/span><\/p>\n<p style=\"text-align: center;\">Du mat\u00e9riel m\u00e9dical ont pu \u00eatre achemin\u00e9s par container en Tunisie gr\u00e2ce \u00e0 vos dons. Plusieurs dispensaires ont pu b\u00e9n\u00e9ficier de lit, de chaise, de fournitures m\u00e9dical n\u00e9cessaire pour apporter un minimum de soin aux personnes n\u00e9cessiteuses.<\/p>\n<p>[\/vc_column_text][\/vc_column_inner][\/vc_row_inner][\/vc_column][\/vc_row][vc_row row_type=&#8221;parallax&#8221; content_width=&#8221;grid&#8221; full_screen_section_height=&#8221;no&#8221; parallax_background_image=&#8221;18355&#8243; css=&#8221;.vc_custom_1669297153840{padding-top: 5.4% !important;padding-bottom: 6% !important;background-color: #ffffff !important;}&#8221;][vc_column]<div class=\"edgtf-elements-holder edgtf-four-columns edgtf-responsive-mode-768\" ><div class=\"edgtf-elements-holder-item edgtf-horizontal-alignment-center\" data-item-class=\"edgtf-elements-holder-custom-402518\" >\n\t\t<div class=\"edgtf-elements-holder-item-inner\">\n\t\t<div class=\"edgtf-elements-holder-item-content edgtf-elements-holder-custom-402518\" >\n\t\t\t<div class=\"edgtf-counter-holder center\" >\n\n\t<span class=\"edgtf-counter zero\" style=\"font-size: 80pxpx;color: #ffffff\">\n\t\t500\t<\/span>\n\t\t\t<h4 class=\"edgtf-counter-title\"  style=\"color: #ffffff\">\n\t\t\tFamilles\t\t<\/h4>\n\t\t\n<\/div>\t\t<\/div>\n\t<\/div>\n\t<\/div><div class=\"edgtf-elements-holder-item \" data-item-class=\"edgtf-elements-holder-custom-559796\" >\n\t\t<div class=\"edgtf-elements-holder-item-inner\">\n\t\t<div class=\"edgtf-elements-holder-item-content edgtf-elements-holder-custom-559796\" >\n\t\t\t<div class=\"edgtf-counter-holder center\" >\n\n\t<span class=\"edgtf-counter zero\" style=\"font-size: 80pxpx;color: #ffffff\">\n\t\t1000\t<\/span>\n\t\t\t<h4 class=\"edgtf-counter-title\"  style=\"color: #ffffff\">\n\t\t\tColis Alimentaire\t\t<\/h4>\n\t\t\n<\/div>\t\t<\/div>\n\t<\/div>\n\t<\/div><div class=\"edgtf-elements-holder-item \" data-item-class=\"edgtf-elements-holder-custom-645364\" >\n\t\t<div class=\"edgtf-elements-holder-item-inner\">\n\t\t<div class=\"edgtf-elements-holder-item-content edgtf-elements-holder-custom-645364\" >\n\t\t\t<div class=\"edgtf-counter-holder center\" >\n\n\t<span class=\"edgtf-counter zero\" style=\"font-size: 80pxpx;color: #ffffff\">\n\t\t30\t<\/span>\n\t\t\t<h4 class=\"edgtf-counter-title\"  style=\"color: #ffffff\">\n\t\t\tProjects\t\t<\/h4>\n\t\t\n<\/div>\t\t<\/div>\n\t<\/div>\n\t<\/div><div class=\"edgtf-elements-holder-item \" data-item-class=\"edgtf-elements-holder-custom-625985\" >\n\t\t<div class=\"edgtf-elements-holder-item-inner\">\n\t\t<div class=\"edgtf-elements-holder-item-content edgtf-elements-holder-custom-625985\" >\n\t\t\t<div class=\"edgtf-counter-holder center\" >\n\n\t<span class=\"edgtf-counter zero\" style=\"font-size: 80pxpx;color: #ffffff\">\n\t\t1\t<\/span>\n\t\t\t<h4 class=\"edgtf-counter-title\"  style=\"color: #ffffff\">\n\t\t\tMOSQU\u00c9E\t\t<\/h4>\n\t\t\n<\/div>\t\t<\/div>\n\t<\/div>\n\t<\/div><\/div>[\/vc_column][\/vc_row][vc_row content_width=&#8221;grid&#8221; css=&#8221;.vc_custom_1669297112529{padding-top: 95px !important;padding-bottom: 110px !important;background-color: #ffffff !important;}&#8221;][vc_column]<div class=\"edgtf-separator-holder clearfix  edgtf-separator-center\">\n\t<div class=\"edgtf-separator\" style=\"border-color: #0066b5;width: 55px;border-bottom-width: 3px;margin-top: 25px;margin-bottom: 75px\"><\/div>\n<\/div>\n<div class=\"edgtf-project-presentation presentation-left edgtf-project-presentation-light\">\n    <div class=\"edgtf-pp-content-holder\">\n        <div class=\"edgtf-pp-content-left\">\n            <div class=\"edgtf-pp-text-holder\" style=\"background-image: url(https:\/\/solidarite-humain.com\/wp-content\/uploads\/2022\/07\/img1.jpg)\">\n                                    <h2 class=\"edgtf-pp-title\">\n                        ``On ne peut pas aider tout le monde, mais chacun peut aider quelqu\u2019un.``                    <\/h2>\n                                \t                        <\/div>\n        <\/div>\n        <div class=\"edgtf-pp-content-right\">\n            <div class=\"edgtf-pp-gallery\">\n                <div class=\"edgtf-pp-gallery-slider\" data-autoplay=\"3\" data-pagination=\"yes\">\n                                                <img loading=\"lazy\" decoding=\"async\" width=\"960\" height=\"640\" src=\"https:\/\/solidarite-humain.com\/wp-content\/uploads\/2022\/08\/190766655_190743422917217_2393341485007020589_n.jpg\" class=\"attachment-full size-full\" alt=\"\" srcset=\"https:\/\/solidarite-humain.com\/wp-content\/uploads\/2022\/08\/190766655_190743422917217_2393341485007020589_n.jpg 960w, https:\/\/solidarite-humain.com\/wp-content\/uploads\/2022\/08\/190766655_190743422917217_2393341485007020589_n-300x200.jpg 300w, https:\/\/solidarite-humain.com\/wp-content\/uploads\/2022\/08\/190766655_190743422917217_2393341485007020589_n-768x512.jpg 768w, https:\/\/solidarite-humain.com\/wp-content\/uploads\/2022\/08\/190766655_190743422917217_2393341485007020589_n-600x400.jpg 600w\" sizes=\"auto, (max-width: 960px) 100vw, 960px\" \/>                                                <img loading=\"lazy\" decoding=\"async\" width=\"960\" height=\"640\" src=\"https:\/\/solidarite-humain.com\/wp-content\/uploads\/2022\/08\/191529699_190743329583893_3713624479146293522_n.jpg\" class=\"attachment-full size-full\" alt=\"\" srcset=\"https:\/\/solidarite-humain.com\/wp-content\/uploads\/2022\/08\/191529699_190743329583893_3713624479146293522_n.jpg 960w, https:\/\/solidarite-humain.com\/wp-content\/uploads\/2022\/08\/191529699_190743329583893_3713624479146293522_n-300x200.jpg 300w, https:\/\/solidarite-humain.com\/wp-content\/uploads\/2022\/08\/191529699_190743329583893_3713624479146293522_n-768x512.jpg 768w, https:\/\/solidarite-humain.com\/wp-content\/uploads\/2022\/08\/191529699_190743329583893_3713624479146293522_n-600x400.jpg 600w\" sizes=\"auto, (max-width: 960px) 100vw, 960px\" \/>                                                <img loading=\"lazy\" decoding=\"async\" width=\"960\" height=\"640\" src=\"https:\/\/solidarite-humain.com\/wp-content\/uploads\/2022\/08\/190753654_190743496250543_8444321778985766998_n.jpg\" class=\"attachment-full size-full\" alt=\"\" srcset=\"https:\/\/solidarite-humain.com\/wp-content\/uploads\/2022\/08\/190753654_190743496250543_8444321778985766998_n.jpg 960w, https:\/\/solidarite-humain.com\/wp-content\/uploads\/2022\/08\/190753654_190743496250543_8444321778985766998_n-300x200.jpg 300w, https:\/\/solidarite-humain.com\/wp-content\/uploads\/2022\/08\/190753654_190743496250543_8444321778985766998_n-768x512.jpg 768w, https:\/\/solidarite-humain.com\/wp-content\/uploads\/2022\/08\/190753654_190743496250543_8444321778985766998_n-600x400.jpg 600w\" sizes=\"auto, (max-width: 960px) 100vw, 960px\" \/>                                                <img loading=\"lazy\" decoding=\"async\" width=\"960\" height=\"640\" src=\"https:\/\/solidarite-humain.com\/wp-content\/uploads\/2022\/08\/191815282_190743556250537_7663533900336560181_n.jpg\" class=\"attachment-full size-full\" alt=\"\" srcset=\"https:\/\/solidarite-humain.com\/wp-content\/uploads\/2022\/08\/191815282_190743556250537_7663533900336560181_n.jpg 960w, https:\/\/solidarite-humain.com\/wp-content\/uploads\/2022\/08\/191815282_190743556250537_7663533900336560181_n-300x200.jpg 300w, https:\/\/solidarite-humain.com\/wp-content\/uploads\/2022\/08\/191815282_190743556250537_7663533900336560181_n-768x512.jpg 768w, https:\/\/solidarite-humain.com\/wp-content\/uploads\/2022\/08\/191815282_190743556250537_7663533900336560181_n-600x400.jpg 600w\" sizes=\"auto, (max-width: 960px) 100vw, 960px\" \/>                                                <img loading=\"lazy\" decoding=\"async\" width=\"960\" height=\"640\" src=\"https:\/\/solidarite-humain.com\/wp-content\/uploads\/2022\/08\/191587188_190743146250578_2901405754456493970_n.jpg\" class=\"attachment-full size-full\" alt=\"\" srcset=\"https:\/\/solidarite-humain.com\/wp-content\/uploads\/2022\/08\/191587188_190743146250578_2901405754456493970_n.jpg 960w, https:\/\/solidarite-humain.com\/wp-content\/uploads\/2022\/08\/191587188_190743146250578_2901405754456493970_n-300x200.jpg 300w, https:\/\/solidarite-humain.com\/wp-content\/uploads\/2022\/08\/191587188_190743146250578_2901405754456493970_n-768x512.jpg 768w, https:\/\/solidarite-humain.com\/wp-content\/uploads\/2022\/08\/191587188_190743146250578_2901405754456493970_n-600x400.jpg 600w\" sizes=\"auto, (max-width: 960px) 100vw, 960px\" \/>                                    <\/div>\n            <\/div>\n        <\/div>\n    <\/div>\n<\/div>[\/vc_column][\/vc_row][vc_row content_width=&#8221;grid&#8221; css=&#8221;.vc_custom_1669297308317{padding-top: 36px !important;padding-bottom: 41px !important;background-color: #1865b4 !important;}&#8221;][vc_column css=&#8221;.vc_custom_1492609383973{padding-top: 2px !important;}&#8221;]\t<div class=\"edgtf-call-to-action normal\" style=\"background-color: #1865b4;\">\n\n\t\t\t\t<div class=\"edgtf-container-inner\">\n\t\t\t\t\t<div class=\"edgtf-call-to-action-row-75-25 clearfix\" style=\"padding: 20px;\">\n\t\t\t\t\t\t<div class=\"edgtf-text-wrapper edgtf-call-to-action-column1 edgtf-call-to-action-cell left\">\n\t\t\t\t\t<div class=\"edgtf-call-to-action-text\" style=\"text-align: left\">\n<h1><strong><span style=\"color: #ffffff;\">Soutenez Nos actions\u00a0<\/span><\/strong><\/h1>\n\t\t\t\t\t\t\t\t\t\t\t<\/div>\n\t\t\t\t<\/div>\n\n\t\t\t\t\t\t\t\t\t<div class=\"edgtf-button-wrapper edgtf-call-to-action-column2 edgtf-call-to-action-cell\" style =\"text-align: right ;\">\n\t\t\t\t\t\t<a itemprop=\"url\" href=\"http:\/\/solidarite-humain.com\/index.php\/page-d-exemple\/\" target=\"_blank\" style=\"color: #010101;background-color: #ffffff;border-color: #ffffff\" class=\"edgtf-btn edgtf-btn-large edgtf-btn-solid edgtf-btn-custom-hover-bg edgtf-btn-custom-border-hover edgtf-btn-custom-hover-color\" data-hover-bg-color=\"#f6f4ee\" data-hover-color=\"#010101\" data-hover-border-color=\"#f6f4ee\" >\t<span class=\"edgtf-btn-text\">Faire Un don<\/span>    <\/a>\t\t\t\t\t<\/div>\n\t\t\t\t\t\t\t<\/div>\n\t\t\t\t<\/div>\n\t\t\t<\/div>\n[\/vc_column][\/vc_row]<\/p>\n","protected":false},"excerpt":{"rendered":"<p>[vc_row el_class=&#8221;edgtf-rev-slider-row&#8221; css=&#8221;.vc_custom_1669296911630{background-color: #f6f4ee !important;}&#8221;][vc_column][rev_slider_vc alias=&#8221;home-1&#8243;][\/vc_column][\/vc_row][vc_row content_width=&#8221;grid&#8221; css=&#8221;.vc_custom_1669297011592{padding-top: 95px !important;padding-bottom: 110px !important;background-color: #f9f9f9 !important;}&#8221;][vc_column][vc_column_text] Qui nous sommes [\/vc_column_text][\/vc_column][\/vc_row][vc_row content_width=&#8221;grid&#8221; css=&#8221;.vc_custom_1669296949340{padding-top: 95px !important;padding-bottom: 110px !important;background-color: #f7f7f7 !important;}&#8221;][vc_column][vc_column_text] Projets 2023 [\/vc_column_text][vc_row_inner][vc_column_inner width=&#8221;1\/4&#8243;][vc_column_text css_animation=&#8221;bounceIn&#8221;] \u00a0Forage de puits au Bangladesh L &#8216;eau c&#8217;est la vie. Vos dons contribuent \u00e0 l&#8217;am\u00e9lioration des conditions de vie des populations les plus d\u00e9munies&#8230;.<\/p>\n","protected":false},"author":1,"featured_media":0,"parent":0,"menu_order":0,"comment_status":"closed","ping_status":"closed","template":"full-width.php","meta":{"footnotes":""},"class_list":["post-13092","page","type-page","status-publish","hentry"],"_links":{"self":[{"href":"https:\/\/solidarite-humain.com\/index.php\/wp-json\/wp\/v2\/pages\/13092","targetHints":{"allow":["GET"]}}],"collection":[{"href":"https:\/\/solidarite-humain.com\/index.php\/wp-json\/wp\/v2\/pages"}],"about":[{"href":"https:\/\/solidarite-humain.com\/index.php\/wp-json\/wp\/v2\/types\/page"}],"author":[{"embeddable":true,"href":"https:\/\/solidarite-humain.com\/index.php\/wp-json\/wp\/v2\/users\/1"}],"replies":[{"embeddable":true,"href":"https:\/\/solidarite-humain.com\/index.php\/wp-json\/wp\/v2\/comments?post=13092"}],"version-history":[{"count":126,"href":"https:\/\/solidarite-humain.com\/index.php\/wp-json\/wp\/v2\/pages\/13092\/revisions"}],"predecessor-version":[{"id":18475,"href":"https:\/\/solidarite-humain.com\/index.php\/wp-json\/wp\/v2\/pages\/13092\/revisions\/18475"}],"wp:attachment":[{"href":"https:\/\/solidarite-humain.com\/index.php\/wp-json\/wp\/v2\/media?parent=13092"}],"curies":[{"name":"wp","href":"https:\/\/api.w.org\/{rel}","templated":true}]}}